{"id":1973,"date":"2021-04-09T18:57:11","date_gmt":"2021-04-09T18:57:11","guid":{"rendered":"https:\/\/sala501.com.br\/?page_id=23"},"modified":"2024-02-17T17:38:06","modified_gmt":"2024-02-17T20:38:06","slug":"services","status":"publish","type":"page","link":"https:\/\/sala501.com.br\/?page_id=1973","title":{"rendered":"Sobre"},"content":{"rendered":"<div class=\"fusion-fullwidth fullwidth-box fusion-builder-row-1 fusion-flex-container nonhundred-percent-fullwidth non-hundred-percent-height-scrolling\" style=\"--link_hover_color: #ffffff;--link_color: #114955;--awb-border-sizes-top:0px;--awb-border-sizes-bottom:0px;--awb-border-sizes-left:0px;--awb-border-sizes-right:0px;--awb-border-color:#d1d1d1;--awb-border-radius-top-left:0px;--awb-border-radius-top-right:0px;--awb-border-radius-bottom-right:0px;--awb-border-radius-bottom-left:0px;--awb-padding-top:80px;--awb-padding-right:30px;--awb-padding-bottom:80px;--awb-padding-left:30px;--awb-padding-top-small:30px;--awb-padding-bottom-small:30px;--awb-margin-top:0px;--awb-margin-bottom:0px;--awb-background-color:#ffffff;--awb-flex-wrap:wrap;\" ><div class=\"fusion-builder-row fusion-row fusion-flex-align-items-stretch fusion-flex-content-wrap\" style=\"max-width:1320px;margin-left: calc(-10% \/ 2 );margin-right: calc(-10% \/ 2 );\"><div class=\"fusion-layout-column fusion_builder_column fusion-builder-column-0 fusion-flex-column fusion-animated\" style=\"--awb-bg-size:cover;--awb-width-large:50%;--awb-margin-top-large:0px;--awb-spacing-right-large:0%;--awb-margin-bottom-large:0px;--awb-spacing-left-large:9%;--awb-width-medium:50%;--awb-spacing-right-medium:0%;--awb-spacing-left-medium:9%;--awb-width-small:100%;--awb-spacing-right-small:4.5%;--awb-margin-bottom-small:36px;--awb-spacing-left-small:4.5%;\" data-animationType=\"fadeInLeft\" data-animationDuration=\"1.3\" data-animationOffset=\"top-into-view\"><div class=\"fusion-column-wrapper fusion-column-has-shadow fusion-flex-justify-content-center fusion-content-layout-column\"><div class=\"fusion-image-element \" style=\"--awb-caption-overlay-color:#ffffff;--awb-caption-title-font-family:var(--h2_typography-font-family);--awb-caption-title-font-weight:var(--h2_typography-font-weight);--awb-caption-title-font-style:var(--h2_typography-font-style);--awb-caption-title-size:var(--h2_typography-font-size);--awb-caption-title-transform:var(--h2_typography-text-transform);--awb-caption-title-line-height:var(--h2_typography-line-height);--awb-caption-title-letter-spacing:var(--h2_typography-letter-spacing);\"><span class=\" fusion-imageframe imageframe-none imageframe-1 hover-type-none\"><img decoding=\"async\" width=\"1024\" height=\"1024\" title=\"7\" src=\"http:\/\/sala501.com.br\/wp-content\/uploads\/2024\/02\/7-1024x1024.png\" alt class=\"img-responsive wp-image-2074\" srcset=\"https:\/\/sala501.com.br\/wp-content\/uploads\/2024\/02\/7-200x200.png 200w, https:\/\/sala501.com.br\/wp-content\/uploads\/2024\/02\/7-400x400.png 400w, https:\/\/sala501.com.br\/wp-content\/uploads\/2024\/02\/7-600x600.png 600w, https:\/\/sala501.com.br\/wp-content\/uploads\/2024\/02\/7-800x800.png 800w, https:\/\/sala501.com.br\/wp-content\/uploads\/2024\/02\/7.png 1080w\" sizes=\"(max-width: 640px) 100vw, 600px\" \/><\/span><\/div><\/div><\/div><div class=\"fusion-layout-column fusion_builder_column fusion-builder-column-1 fusion_builder_column_1_2 1_2 fusion-flex-column fusion-animated\" style=\"--awb-bg-size:cover;--awb-width-large:50%;--awb-margin-top-large:0px;--awb-spacing-right-large:0%;--awb-margin-bottom-large:0px;--awb-spacing-left-large:9%;--awb-width-medium:50%;--awb-spacing-right-medium:0%;--awb-spacing-left-medium:9%;--awb-width-small:100%;--awb-spacing-right-small:4.5%;--awb-spacing-left-small:4.5%;\" data-animationType=\"fadeInRight\" data-animationDuration=\"1.3\" data-animationOffset=\"top-into-view\"><div class=\"fusion-column-wrapper fusion-column-has-shadow fusion-flex-justify-content-center fusion-content-layout-column\"><div class=\"fusion-separator fusion-no-small-visibility fusion-no-medium-visibility fusion-full-width-sep\" style=\"align-self: center;margin-left: auto;margin-right: auto;margin-top:6%;width:100%;\"><div class=\"fusion-separator-border sep-double\" style=\"--awb-height:20px;--awb-amount:20px;--awb-sep-color:#d1d1d1;border-color:#d1d1d1;border-top-width:0px;border-bottom-width:0px;\"><\/div><\/div><div class=\"fusion-title title fusion-title-1 fusion-sep-none fusion-title-text fusion-title-size-three\" style=\"--awb-text-color:#20543e;--awb-margin-top:0px;--awb-margin-bottom:10px;--awb-margin-bottom-small:10PX;--awb-sep-color:#d1d1d1;--awb-font-size:26px;\"><h3 class=\"fusion-title-heading title-heading-left fusion-responsive-typography-calculated\" style=\"font-family:&quot;Roboto&quot;;font-style:normal;font-weight:400;margin:0;font-size:1em;text-transform:var(--awb-typography2-text-transform);--fontSize:26;line-height:1.7;\">Quem Somos?<\/h3><\/div><div class=\"fusion-text fusion-text-1 fusion-text-no-margin\" style=\"--awb-font-size:17px;--awb-line-height:1.7;--awb-letter-spacing:0px;--awb-text-transform:var(--awb-typography4-text-transform);--awb-text-color:#010709;--awb-text-font-family:&quot;Roboto&quot;;--awb-text-font-style:normal;--awb-text-font-weight:400;\"><p>A Sala 501 \u00e9 um espa\u00e7o de coworking localizado na cidade de Bragan\u00e7a Paulista \u2013 SP. Conosco voc\u00ea tem a oportunidade de trabalhar em pr\u00e9dio comercial pagando somente a hora que voc\u00ea utiliza.<\/p>\n<p>A Sala 501 \u00e9 o fruto de um sonho de fam\u00edlia: fundado por Camila, Carolina e Rafael.<\/p>\n<p>Camila, advogada, sentia em seu dia a dia a necessidade de ter uma sala de reuni\u00e3o bem localizada, confort\u00e1vel e sofisticada para atender seus clientes.<\/p>\n<p>Rafael, que atua na \u00e1rea de tecnologia e j\u00e1 trabalha no esquema de home office desde antes da pandemia, sentia uma grande necessidade de ter um espa\u00e7o para trabalhar sempre que se sentisse improdutivo e desconcentrado.<\/p>\n<p>Carolina, esposa de Rafael e irm\u00e3 de Camila, foi o elo necess\u00e1rio para que a Sala 501 ganhasse forma.<\/p>\n<p>Criamos a Sala 501 n\u00e3o apenas para sanar necessidades pessoais, mas tamb\u00e9m para trazer para Bragan\u00e7a Paulista e regi\u00e3o um local agrad\u00e1vel, bonito e com pre\u00e7os acess\u00edveis para os mais diversos tipos de profissionais.&nbsp;<\/p>\n<\/div><div class=\"md-text-align-center\"><a class=\"fusion-button button-flat fusion-button-default-size button-custom fusion-button-default button-1 fusion-button-default-span fusion-button-default-type\" style=\"--button_accent_color:var(--awb-color1);--button_accent_hover_color:var(--awb-color4);--button_border_hover_color:var(--awb-color4);--button_gradient_top_color:var(--awb-color4);--button_gradient_bottom_color:var(--awb-color4);--button_gradient_top_color_hover:hsla(var(--awb-color4-h),var(--awb-color4-s),var(--awb-color4-l),calc( var(--awb-color4-a) - 95% ));--button_gradient_bottom_color_hover:hsla(var(--awb-color4-h),var(--awb-color4-s),var(--awb-color4-l),calc( var(--awb-color4-a) - 95% ));--button_margin-top:30px;\" target=\"_self\" href=\"https:\/\/wa.me\/message\/RE7LWOTHNPCQB1\"><span class=\"fusion-button-text\">Quer saber mais? Clique aqui<\/span><\/a><\/div><\/div><\/div><\/div><\/div>\n","protected":false},"excerpt":{"rendered":"","protected":false},"author":1,"featured_media":0,"parent":0,"menu_order":0,"comment_status":"closed","ping_status":"closed","template":"100-width.php","meta":{"_monsterinsights_skip_tracking":false,"_monsterinsights_sitenote_active":false,"_monsterinsights_sitenote_note":"","_monsterinsights_sitenote_category":0,"_price":"","_stock":"","_tribe_ticket_header":"","_tribe_default_ticket_provider":"","_tribe_ticket_capacity":"0","_ticket_start_date":"","_ticket_end_date":"","_tribe_ticket_show_description":"","_tribe_ticket_show_not_going":false,"_tribe_ticket_use_global_stock":"","_tribe_ticket_global_stock_level":"","_global_stock_mode":"","_global_stock_cap":"","_tribe_rsvp_for_event":"","_tribe_ticket_going_count":"","_tribe_ticket_not_going_count":"","_tribe_tickets_list":[],"_tribe_ticket_has_attendee_info_fields":false,"footnotes":""},"aioseo_notices":[],"jetpack_sharing_enabled":true,"ticketed":false,"_links":{"self":[{"href":"https:\/\/sala501.com.br\/index.php?rest_route=\/wp\/v2\/pages\/1973"}],"collection":[{"href":"https:\/\/sala501.com.br\/index.php?rest_route=\/wp\/v2\/pages"}],"about":[{"href":"https:\/\/sala501.com.br\/index.php?rest_route=\/wp\/v2\/types\/page"}],"author":[{"embeddable":true,"href":"https:\/\/sala501.com.br\/index.php?rest_route=\/wp\/v2\/users\/1"}],"replies":[{"embeddable":true,"href":"https:\/\/sala501.com.br\/index.php?rest_route=%2Fwp%2Fv2%2Fcomments&post=1973"}],"version-history":[{"count":4,"href":"https:\/\/sala501.com.br\/index.php?rest_route=\/wp\/v2\/pages\/1973\/revisions"}],"predecessor-version":[{"id":2077,"href":"https:\/\/sala501.com.br\/index.php?rest_route=\/wp\/v2\/pages\/1973\/revisions\/2077"}],"wp:attachment":[{"href":"https:\/\/sala501.com.br\/index.php?rest_route=%2Fwp%2Fv2%2Fmedia&parent=1973"}],"curies":[{"name":"wp","href":"https:\/\/api.w.org\/{rel}","templated":true}]}}